{"id":13,"date":"2023-02-23T15:44:40","date_gmt":"2023-02-23T15:44:40","guid":{"rendered":"https:\/\/gped-jahrbuch.de\/?page_id=13"},"modified":"2025-09-04T08:21:39","modified_gmt":"2025-09-04T08:21:39","slug":"formale-hinweise-zur-einreichung-von-beitraegen","status":"publish","type":"page","link":"https:\/\/gped-jahrbuch.de\/?page_id=13","title":{"rendered":"Hinweise f\u00fcr Autoren"},"content":{"rendered":"\n<p>Beitr\u00e4ge f\u00fcr beide Rubriken sollen in einer word-Datei eingereicht werden: 1,5 Zeilenabstand, Schriftart TNR, mit einem englischsprachigen Abstract. Bitte reichen Sie ihr Textmanuskript f\u00fcr beide Rubriken in einer anonymisierten Form ein.<\/p>\n\n\n\n<p>In einer zweiten word-Datei hinterlegen Sie bitte alle weiteren Angaben (Autorenname\/n, Adresse, Titel des Textmanuskript). Geben Sie in dieser Deckblatt-Datei bitte ebenso an, f\u00fcr welche der beiden Rubriken Sie den Text einreichen m\u00f6chten. F\u00fcr weitere formale Hinweise zur Manuskripterstellung beachten Sie bitte den Style-Sheet:&nbsp;<\/p>\n\n\n\n<div class=\"wp-block-file\"><object class=\"wp-block-file__embed\" data=\"https:\/\/gped-jahrbuch.de\/wp-content\/uploads\/2025\/09\/Jahrbuch-fuer-philosophiedidaktische-Forschung_Informationen-zur-Einreichung.pdf\" type=\"application\/pdf\" style=\"width:100%;height:600px\" aria-label=\"Einbettung von Jahrbuch-fuer-philosophiedidaktische-Forschung_Informationen-zur-Einreichung.\"><\/object><a id=\"wp-block-file--media-c2e89f0b-7cd0-4dcc-957c-cfde044cd56f\" href=\"https:\/\/gped-jahrbuch.de\/wp-content\/uploads\/2025\/09\/Jahrbuch-fuer-philosophiedidaktische-Forschung_Informationen-zur-Einreichung.pdf\">Jahrbuch-fuer-philosophiedidaktische-Forschung_Informationen-zur-Einreichung<\/a><a href=\"https:\/\/gped-jahrbuch.de\/wp-content\/uploads\/2025\/09\/Jahrbuch-fuer-philosophiedidaktische-Forschung_Informationen-zur-Einreichung.pdf\" class=\"wp-block-file__button wp-element-button\" download aria-describedby=\"wp-block-file--media-c2e89f0b-7cd0-4dcc-957c-cfde044cd56f\">Herunterladen<\/a><\/div>\n","protected":false},"excerpt":{"rendered":"<p>Beitr\u00e4ge f\u00fcr beide Rubriken sollen in einer word-Datei eingereicht werden: 1,5 Zeilenabstand, Schriftart TNR, mit einem englischsprachigen Abstract. Bitte reichen Sie ihr Textmanuskript f\u00fcr beide Rubriken in einer anonymisierten Form ein. In einer zweiten word-Datei hinterlegen Sie bitte alle weiteren &hellip; <a href=\"https:\/\/gped-jahrbuch.de\/?page_id=13\">Weiterlesen <span class=\"meta-nav\">&rarr;<\/span><\/a><\/p>\n","protected":false},"author":1,"featured_media":0,"parent":0,"menu_order":2,"comment_status":"closed","ping_status":"closed","template":"","meta":[],"_links":{"self":[{"href":"https:\/\/gped-jahrbuch.de\/index.php?rest_route=\/wp\/v2\/pages\/13"}],"collection":[{"href":"https:\/\/gped-jahrbuch.de\/index.php?rest_route=\/wp\/v2\/pages"}],"about":[{"href":"https:\/\/gped-jahrbuch.de\/index.php?rest_route=\/wp\/v2\/types\/page"}],"author":[{"embeddable":true,"href":"https:\/\/gped-jahrbuch.de\/index.php?rest_route=\/wp\/v2\/users\/1"}],"replies":[{"embeddable":true,"href":"https:\/\/gped-jahrbuch.de\/index.php?rest_route=%2Fwp%2Fv2%2Fcomments&post=13"}],"version-history":[{"count":6,"href":"https:\/\/gped-jahrbuch.de\/index.php?rest_route=\/wp\/v2\/pages\/13\/revisions"}],"predecessor-version":[{"id":56,"href":"https:\/\/gped-jahrbuch.de\/index.php?rest_route=\/wp\/v2\/pages\/13\/revisions\/56"}],"wp:attachment":[{"href":"https:\/\/gped-jahrbuch.de\/index.php?rest_route=%2Fwp%2Fv2%2Fmedia&parent=13"}],"curies":[{"name":"wp","href":"https:\/\/api.w.org\/{rel}","templated":true}]}}